{"id":27,"date":"2026-04-10T13:46:57","date_gmt":"2026-04-10T13:46:57","guid":{"rendered":"https:\/\/sb-schornsteinfeger.de\/?page_id=27"},"modified":"2026-04-10T14:43:30","modified_gmt":"2026-04-10T14:43:30","slug":"starseite","status":"publish","type":"page","link":"https:\/\/sb-schornsteinfeger.de\/","title":{"rendered":"Startseite"},"content":{"rendered":"\t\t<div data-elementor-type=\"wp-page\" data-elementor-id=\"27\" class=\"elementor elementor-27\">\n\t\t\t\t<div class=\"elementor-element elementor-element-2d705f8 e-flex e-con-boxed e-con e-parent\" data-id=\"2d705f8\" data-element_type=\"container\" data-e-type=\"container\">\n\t\t\t\t\t<div class=\"e-con-inner\">\n\t\t\t\t<div class=\"elementor-element elementor-element-2c74e15 elementor-widget elementor-widget-heading\" data-id=\"2c74e15\" data-element_type=\"widget\" data-e-type=\"widget\" data-widget_type=\"heading.default\">\n\t\t\t\t\t<h2 class=\"elementor-heading-title elementor-size-default\">Willkommen bei Sven Br\u00fchl \u2013 Ihrem Schornsteinfegermeister<\/h2>\t\t\t\t<\/div>\n\t\t\t\t<div class=\"elementor-element elementor-element-fd0ffa0 elementor-widget elementor-widget-text-editor\" data-id=\"fd0ffa0\" data-element_type=\"widget\" data-e-type=\"widget\" data-widget_type=\"text-editor.default\">\n\t\t\t\t\t\t\t\t\t<p data-start=\"172\" data-end=\"326\">Als Ihr zuverl\u00e4ssiger Ansprechpartner rund um das Schornsteinfegerhandwerk stehe ich Ihnen mit Fachkompetenz, Sorgfalt und pers\u00f6nlichem Service zur Seite.<\/p><p data-start=\"328\" data-end=\"507\">Ob klassische Schornsteinfegerarbeiten, moderne Heizungs\u00fcberpr\u00fcfung oder Energieberatung \u2013 ich unterst\u00fctze Sie dabei, Ihr Zuhause sicher, effizient und umweltgerecht zu betreiben.<\/p><p data-start=\"509\" data-end=\"651\">Als gepr\u00fcfter Geb\u00e4udeenergieberater (HWK) berate ich Sie au\u00dferdem umfassend zu Energieeinsparung und nachhaltigen L\u00f6sungen f\u00fcr Ihre Immobilie.<\/p><p data-start=\"653\" data-end=\"816\">Vertrauen, Termintreue und saubere Arbeit sind f\u00fcr mich selbstverst\u00e4ndlich. Ich freue mich darauf, Sie pers\u00f6nlich kennenzulernen und Sie kompetent zu unterst\u00fctzen.<\/p><p data-start=\"818\" data-end=\"892\"><strong data-start=\"818\" data-end=\"836\">Ihr Sven Br\u00fchl<\/strong><br data-start=\"836\" data-end=\"839\" \/>Schornsteinfegermeister &amp; Geb\u00e4udeenergieberater (HWK)<\/p>\t\t\t\t\t\t\t\t<\/div>\n\t\t\t\t\t<\/div>\n\t\t\t\t<\/div>\n\t\t<div class=\"elementor-element elementor-element-108a603 e-flex e-con-boxed e-con e-parent\" data-id=\"108a603\" data-element_type=\"container\" data-e-type=\"container\">\n\t\t\t\t\t<div class=\"e-con-inner\">\n\t\t<div class=\"elementor-element elementor-element-26f06d2 e-con-full e-flex e-con e-child\" data-id=\"26f06d2\" data-element_type=\"container\" data-e-type=\"container\">\n\t\t\t\t<div class=\"elementor-element elementor-element-525a689 elementor-widget elementor-widget-image\" data-id=\"525a689\" data-element_type=\"widget\" data-e-type=\"widget\" data-widget_type=\"image.default\">\n\t\t\t\t\t\t\t\t\t\t\t\t\t\t\t<img fetchpriority=\"high\" decoding=\"async\" width=\"227\" height=\"300\" src=\"https:\/\/sb-schornsteinfeger.de\/wp-content\/uploads\/2026\/04\/1-227x300.png\" class=\"attachment-medium size-medium wp-image-73\" alt=\"\" srcset=\"https:\/\/sb-schornsteinfeger.de\/wp-content\/uploads\/2026\/04\/1-227x300.png 227w, https:\/\/sb-schornsteinfeger.de\/wp-content\/uploads\/2026\/04\/1-768x1015.png 768w, https:\/\/sb-schornsteinfeger.de\/wp-content\/uploads\/2026\/04\/1.png 774w\" sizes=\"(max-width: 227px) 100vw, 227px\" \/>\t\t\t\t\t\t\t\t\t\t\t\t\t\t\t<\/div>\n\t\t\t\t<\/div>\n\t\t<div class=\"elementor-element elementor-element-f21389f e-con-full e-flex e-con e-child\" data-id=\"f21389f\" data-element_type=\"container\" data-e-type=\"container\">\n\t\t\t\t<div class=\"elementor-element elementor-element-2da2d47 elementor-widget elementor-widget-image\" data-id=\"2da2d47\" data-element_type=\"widget\" data-e-type=\"widget\" data-widget_type=\"image.default\">\n\t\t\t\t\t\t\t\t\t\t\t\t\t\t\t<img decoding=\"async\" width=\"297\" height=\"300\" src=\"https:\/\/sb-schornsteinfeger.de\/wp-content\/uploads\/2026\/04\/2-297x300.png\" class=\"attachment-medium size-medium wp-image-74\" alt=\"\" srcset=\"https:\/\/sb-schornsteinfeger.de\/wp-content\/uploads\/2026\/04\/2-297x300.png 297w, https:\/\/sb-schornsteinfeger.de\/wp-content\/uploads\/2026\/04\/2.png 755w\" sizes=\"(max-width: 297px) 100vw, 297px\" \/>\t\t\t\t\t\t\t\t\t\t\t\t\t\t\t<\/div>\n\t\t\t\t<\/div>\n\t\t\t\t\t<\/div>\n\t\t\t\t<\/div>\n\t\t\t\t<\/div>\n\t\t","protected":false},"excerpt":{"rendered":"<p>Willkommen bei Sven Br\u00fchl \u2013 Ihrem Schornsteinfegermeister Als Ihr zuverl\u00e4ssiger Ansprechpartner rund um das Schornsteinfegerhandwerk stehe ich Ihnen mit Fachkompetenz, Sorgfalt und pers\u00f6nlichem Service zur Seite. Ob klassische Schornsteinfegerarbeiten, moderne Heizungs\u00fcberpr\u00fcfung oder Energieberatung \u2013 ich unterst\u00fctze Sie dabei, Ihr Zuhause sicher, effizient und umweltgerecht zu betreiben. Als gepr\u00fcfter Geb\u00e4udeenergieberater (HWK) berate ich Sie au\u00dferdem umfassend [&hellip;]<\/p>\n","protected":false},"author":1,"featured_media":0,"parent":0,"menu_order":0,"comment_status":"closed","ping_status":"closed","template":"","meta":{"footnotes":""},"class_list":["post-27","page","type-page","status-publish","hentry","wpbf-post"],"_links":{"self":[{"href":"https:\/\/sb-schornsteinfeger.de\/index.php?rest_route=\/wp\/v2\/pages\/27","targetHints":{"allow":["GET"]}}],"collection":[{"href":"https:\/\/sb-schornsteinfeger.de\/index.php?rest_route=\/wp\/v2\/pages"}],"about":[{"href":"https:\/\/sb-schornsteinfeger.de\/index.php?rest_route=\/wp\/v2\/types\/page"}],"author":[{"embeddable":true,"href":"https:\/\/sb-schornsteinfeger.de\/index.php?rest_route=\/wp\/v2\/users\/1"}],"replies":[{"embeddable":true,"href":"https:\/\/sb-schornsteinfeger.de\/index.php?rest_route=%2Fwp%2Fv2%2Fcomments&post=27"}],"version-history":[{"count":5,"href":"https:\/\/sb-schornsteinfeger.de\/index.php?rest_route=\/wp\/v2\/pages\/27\/revisions"}],"predecessor-version":[{"id":80,"href":"https:\/\/sb-schornsteinfeger.de\/index.php?rest_route=\/wp\/v2\/pages\/27\/revisions\/80"}],"wp:attachment":[{"href":"https:\/\/sb-schornsteinfeger.de\/index.php?rest_route=%2Fwp%2Fv2%2Fmedia&parent=27"}],"curies":[{"name":"wp","href":"https:\/\/api.w.org\/{rel}","templated":true}]}}