{"id":30,"date":"2026-04-10T13:46:52","date_gmt":"2026-04-10T13:46:52","guid":{"rendered":"https:\/\/sb-schornsteinfeger.de\/?page_id=30"},"modified":"2026-04-10T14:33:27","modified_gmt":"2026-04-10T14:33:27","slug":"kontakt","status":"publish","type":"page","link":"https:\/\/sb-schornsteinfeger.de\/?page_id=30","title":{"rendered":"Kontakt"},"content":{"rendered":"\t\t<div data-elementor-type=\"wp-page\" data-elementor-id=\"30\" class=\"elementor elementor-30\">\n\t\t\t\t<div class=\"elementor-element elementor-element-71071c1 e-flex e-con-boxed e-con e-parent\" data-id=\"71071c1\" data-element_type=\"container\" data-e-type=\"container\">\n\t\t\t\t\t<div class=\"e-con-inner\">\n\t\t\t\t<div class=\"elementor-element elementor-element-f5da9c5 elementor-widget elementor-widget-heading\" data-id=\"f5da9c5\" data-element_type=\"widget\" data-e-type=\"widget\" data-widget_type=\"heading.default\">\n\t\t\t\t\t<h3 class=\"elementor-heading-title elementor-size-default\">Kontakt<\/h3>\t\t\t\t<\/div>\n\t\t\t\t<div class=\"elementor-element elementor-element-ef3cb6f elementor-widget elementor-widget-text-editor\" data-id=\"ef3cb6f\" data-element_type=\"widget\" data-e-type=\"widget\" data-widget_type=\"text-editor.default\">\n\t\t\t\t\t\t\t\t\t<p>Telefon: 06831-9867758<br \/>E-Mail: info@sb-schornsteinfeger.de<\/p>\t\t\t\t\t\t\t\t<\/div>\n\t\t\t\t\t<\/div>\n\t\t\t\t<\/div>\n\t\t<div class=\"elementor-element elementor-element-1bf9dbb e-flex e-con-boxed e-con e-parent\" data-id=\"1bf9dbb\" data-element_type=\"container\" data-e-type=\"container\">\n\t\t\t\t\t<div class=\"e-con-inner\">\n\t\t\t\t<div class=\"elementor-element elementor-element-a4fb4d1 elementor-widget elementor-widget-heading\" data-id=\"a4fb4d1\" data-element_type=\"widget\" data-e-type=\"widget\" data-widget_type=\"heading.default\">\n\t\t\t\t\t<h3 class=\"elementor-heading-title elementor-size-default\">Anschrift<\/h3>\t\t\t\t<\/div>\n\t\t\t\t<div class=\"elementor-element elementor-element-2c90030 elementor-widget elementor-widget-text-editor\" data-id=\"2c90030\" data-element_type=\"widget\" data-e-type=\"widget\" data-widget_type=\"text-editor.default\">\n\t\t\t\t\t\t\t\t\t<p>Sven Br\u00fchl<br \/>Schornsteinfegermeister <br \/>Geb\u00e4udeenergieberater(HWK)<\/p><p>Stettiner Stra\u00dfe 7a<br \/>66798 Wallerfangen<\/p>\t\t\t\t\t\t\t\t<\/div>\n\t\t\t\t\t<\/div>\n\t\t\t\t<\/div>\n\t\t\t\t<\/div>\n\t\t","protected":false},"excerpt":{"rendered":"<p>Kontakt Telefon: 06831-9867758E-Mail: info@sb-schornsteinfeger.de Anschrift Sven Br\u00fchlSchornsteinfegermeister Geb\u00e4udeenergieberater(HWK) Stettiner Stra\u00dfe 7a66798 Wallerfangen<\/p>\n","protected":false},"author":1,"featured_media":0,"parent":0,"menu_order":0,"comment_status":"closed","ping_status":"closed","template":"","meta":{"footnotes":""},"class_list":["post-30","page","type-page","status-publish","hentry","wpbf-post"],"_links":{"self":[{"href":"https:\/\/sb-schornsteinfeger.de\/index.php?rest_route=\/wp\/v2\/pages\/30","targetHints":{"allow":["GET"]}}],"collection":[{"href":"https:\/\/sb-schornsteinfeger.de\/index.php?rest_route=\/wp\/v2\/pages"}],"about":[{"href":"https:\/\/sb-schornsteinfeger.de\/index.php?rest_route=\/wp\/v2\/types\/page"}],"author":[{"embeddable":true,"href":"https:\/\/sb-schornsteinfeger.de\/index.php?rest_route=\/wp\/v2\/users\/1"}],"replies":[{"embeddable":true,"href":"https:\/\/sb-schornsteinfeger.de\/index.php?rest_route=%2Fwp%2Fv2%2Fcomments&post=30"}],"version-history":[{"count":4,"href":"https:\/\/sb-schornsteinfeger.de\/index.php?rest_route=\/wp\/v2\/pages\/30\/revisions"}],"predecessor-version":[{"id":68,"href":"https:\/\/sb-schornsteinfeger.de\/index.php?rest_route=\/wp\/v2\/pages\/30\/revisions\/68"}],"wp:attachment":[{"href":"https:\/\/sb-schornsteinfeger.de\/index.php?rest_route=%2Fwp%2Fv2%2Fmedia&parent=30"}],"curies":[{"name":"wp","href":"https:\/\/api.w.org\/{rel}","templated":true}]}}