{"id":36,"date":"2026-04-10T13:46:30","date_gmt":"2026-04-10T13:46:30","guid":{"rendered":"https:\/\/sb-schornsteinfeger.de\/?page_id=36"},"modified":"2026-04-10T14:29:57","modified_gmt":"2026-04-10T14:29:57","slug":"agbs","status":"publish","type":"page","link":"https:\/\/sb-schornsteinfeger.de\/?page_id=36","title":{"rendered":"AGBs"},"content":{"rendered":"\t\t<div data-elementor-type=\"wp-page\" data-elementor-id=\"36\" class=\"elementor elementor-36\">\n\t\t\t\t<div class=\"elementor-element elementor-element-4a64b4b e-flex e-con-boxed e-con e-parent\" data-id=\"4a64b4b\" data-element_type=\"container\" data-e-type=\"container\">\n\t\t\t\t\t<div class=\"e-con-inner\">\n\t\t\t\t<div class=\"elementor-element elementor-element-48bda09 elementor-widget elementor-widget-heading\" data-id=\"48bda09\" data-element_type=\"widget\" data-e-type=\"widget\" data-widget_type=\"heading.default\">\n\t\t\t\t\t<h3 class=\"elementor-heading-title elementor-size-default\">1. Geltungsbereich<\/h3>\t\t\t\t<\/div>\n\t\t\t\t<div class=\"elementor-element elementor-element-c940c46 elementor-widget elementor-widget-text-editor\" data-id=\"c940c46\" data-element_type=\"widget\" data-e-type=\"widget\" data-widget_type=\"text-editor.default\">\n\t\t\t\t\t\t\t\t\t<p>Diese Allgemeinen Gesch\u00e4ftsbedingungen gelten f\u00fcr alle Vertr\u00e4ge zwischen<br \/><strong>Schornsteinfegermeister &amp; Geb\u00e4udeenergieberater (HWK) Sven Br\u00fchl<\/strong> und seinen Kunden \u00fcber <strong>privatwirtschaftliche Leistungen<\/strong>.<\/p><p>Hoheitliche T\u00e4tigkeiten bleiben hiervon unber\u00fchrt und richten sich nach den gesetzlichen Vorschriften<\/p>\t\t\t\t\t\t\t\t<\/div>\n\t\t\t\t\t<\/div>\n\t\t\t\t<\/div>\n\t\t<div class=\"elementor-element elementor-element-0e34f33 e-flex e-con-boxed e-con e-parent\" data-id=\"0e34f33\" data-element_type=\"container\" data-e-type=\"container\">\n\t\t\t\t\t<div class=\"e-con-inner\">\n\t\t\t\t<div class=\"elementor-element elementor-element-304f6ee elementor-widget elementor-widget-heading\" data-id=\"304f6ee\" data-element_type=\"widget\" data-e-type=\"widget\" data-widget_type=\"heading.default\">\n\t\t\t\t\t<h3 class=\"elementor-heading-title elementor-size-default\">2. Leistungen<\/h3>\t\t\t\t<\/div>\n\t\t\t\t<div class=\"elementor-element elementor-element-65d1c47 elementor-widget elementor-widget-text-editor\" data-id=\"65d1c47\" data-element_type=\"widget\" data-e-type=\"widget\" data-widget_type=\"text-editor.default\">\n\t\t\t\t\t\t\t\t\t<p>Der Betrieb erbringt insbesondere folgende Leistungen:<\/p><ul><li>Reinigung und\/oder \u00dcberpr\u00fcfung von Schornsteinen und Abgasanlagen (nach K\u00dcO)<\/li><li>\u00dcberpr\u00fcfung und Reinigung von Feuerst\u00e4tten<\/li><li>Immissionsschutzmessungen (nach BImSchV und K\u00dcO)<\/li><li>Energieberatung (z.B. Erstellung von Energieausweisen)<\/li><li>Lieferung und Montage von Zubeh\u00f6r (z. B. Rauchwarnmelder)<\/li><\/ul><p>Art und Umfang der Leistungen ergeben sich aus dem jeweiligen Angebot bzw. Auftrag.<\/p>\t\t\t\t\t\t\t\t<\/div>\n\t\t\t\t\t<\/div>\n\t\t\t\t<\/div>\n\t\t<div class=\"elementor-element elementor-element-eb09cc7 e-flex e-con-boxed e-con e-parent\" data-id=\"eb09cc7\" data-element_type=\"container\" data-e-type=\"container\">\n\t\t\t\t\t<div class=\"e-con-inner\">\n\t\t\t\t<div class=\"elementor-element elementor-element-2c7e647 elementor-widget elementor-widget-heading\" data-id=\"2c7e647\" data-element_type=\"widget\" data-e-type=\"widget\" data-widget_type=\"heading.default\">\n\t\t\t\t\t<h3 class=\"elementor-heading-title elementor-size-default\">3. Vertragsabschluss<\/h3>\t\t\t\t<\/div>\n\t\t\t\t<div class=\"elementor-element elementor-element-934a9e2 elementor-widget elementor-widget-text-editor\" data-id=\"934a9e2\" data-element_type=\"widget\" data-e-type=\"widget\" data-widget_type=\"text-editor.default\">\n\t\t\t\t\t\t\t\t\t<p>Ein Vertrag kommt zustande durch:<\/p><ul><li>m\u00fcndliche oder schriftliche Beauftragung durch den Kunden oder<\/li><li>Annahme eines Angebots durch den Kunden<\/li><\/ul>\t\t\t\t\t\t\t\t<\/div>\n\t\t\t\t\t<\/div>\n\t\t\t\t<\/div>\n\t\t<div class=\"elementor-element elementor-element-f929ad9 e-flex e-con-boxed e-con e-parent\" data-id=\"f929ad9\" data-element_type=\"container\" data-e-type=\"container\">\n\t\t\t\t\t<div class=\"e-con-inner\">\n\t\t\t\t<div class=\"elementor-element elementor-element-fadd166 elementor-widget elementor-widget-heading\" data-id=\"fadd166\" data-element_type=\"widget\" data-e-type=\"widget\" data-widget_type=\"heading.default\">\n\t\t\t\t\t<h3 class=\"elementor-heading-title elementor-size-default\">4. Preise und Zahlungsbedingungen<\/h3>\t\t\t\t<\/div>\n\t\t\t\t<div class=\"elementor-element elementor-element-259f63c elementor-widget elementor-widget-text-editor\" data-id=\"259f63c\" data-element_type=\"widget\" data-e-type=\"widget\" data-widget_type=\"text-editor.default\">\n\t\t\t\t\t\t\t\t\t<p>Es gelten die jeweils zum Zeitpunkt der Durchf\u00fchrung der Arbeiten <strong>g\u00fcltigen Preise<\/strong> des Schornsteinfegerbetriebs.<br \/>Individuelle Absprachen oder vorherige Preisvereinbarungen \u00e4ndern daran nichts.<br \/><strong>Der g\u00fcltige Preis wird dem Kunden auf der Rechnung ausgewiesen.<\/strong><\/p><p>Alle Preise verstehen sich inklusive der gesetzlichen Mehrwertsteuer, sofern diese anf\u00e4llt.<\/p><ul><li>Rechnungen sind sofort<strong> ohne Abzug<\/strong> zahlbar.<\/li><li>Bei Zahlungsverzug gelten die gesetzlichen Vorschriften des B\u00fcrgerliches Gesetzbuch (BGB).<\/li><\/ul><p><strong>Preisanpassungen<\/strong><\/p><p>Der Betrieb ist berechtigt, Preise nach <strong>billigem Ermessen (\u00a7 315 BGB)<\/strong> anzupassen, insbesondere bei:<\/p><ul><li>Ver\u00e4nderungen der Lohnkosten<\/li><li>Steigerungen von Material- oder Betriebskosten<\/li><li>allgemeinen wirtschaftlichen Entwicklungen (z. B. Inflation)<\/li><\/ul><p>Ma\u00dfgeblich ist der zum Zeitpunkt der Leistungserbringung g\u00fcltige Preis.<\/p>\t\t\t\t\t\t\t\t<\/div>\n\t\t\t\t\t<\/div>\n\t\t\t\t<\/div>\n\t\t<div class=\"elementor-element elementor-element-8741925 e-flex e-con-boxed e-con e-parent\" data-id=\"8741925\" data-element_type=\"container\" data-e-type=\"container\">\n\t\t\t\t\t<div class=\"e-con-inner\">\n\t\t\t\t<div class=\"elementor-element elementor-element-1e9bb1d elementor-widget elementor-widget-heading\" data-id=\"1e9bb1d\" data-element_type=\"widget\" data-e-type=\"widget\" data-widget_type=\"heading.default\">\n\t\t\t\t\t<h3 class=\"elementor-heading-title elementor-size-default\">5. Terminvereinbarung und Ausfallkosten<\/h3>\t\t\t\t<\/div>\n\t\t\t\t<div class=\"elementor-element elementor-element-2a6418d elementor-widget elementor-widget-text-editor\" data-id=\"2a6418d\" data-element_type=\"widget\" data-e-type=\"widget\" data-widget_type=\"text-editor.default\">\n\t\t\t\t\t\t\t\t\t<ul><li>Vereinbarte Termine sind verbindlich.<\/li><li>Kann ein Termin aus Gr\u00fcnden, die der Kunde zu vertreten hat (z. B. fehlender Zugang), nicht durchgef\u00fchrt werden, ist der Betrieb berechtigt, eine angemessene Ausfallpauschale zu berechnen.<\/li><li>Dem Kunden bleibt der Nachweis vorbehalten, dass kein oder ein geringerer Schaden entstanden ist.<\/li><\/ul>\t\t\t\t\t\t\t\t<\/div>\n\t\t\t\t\t<\/div>\n\t\t\t\t<\/div>\n\t\t<div class=\"elementor-element elementor-element-1ea7569 e-flex e-con-boxed e-con e-parent\" data-id=\"1ea7569\" data-element_type=\"container\" data-e-type=\"container\">\n\t\t\t\t\t<div class=\"e-con-inner\">\n\t\t\t\t<div class=\"elementor-element elementor-element-8056d28 elementor-widget elementor-widget-heading\" data-id=\"8056d28\" data-element_type=\"widget\" data-e-type=\"widget\" data-widget_type=\"heading.default\">\n\t\t\t\t\t<h3 class=\"elementor-heading-title elementor-size-default\">6. Mitwirkungspflichten des Kunden<\/h3>\t\t\t\t<\/div>\n\t\t\t\t<div class=\"elementor-element elementor-element-e472daf elementor-widget elementor-widget-text-editor\" data-id=\"e472daf\" data-element_type=\"widget\" data-e-type=\"widget\" data-widget_type=\"text-editor.default\">\n\t\t\t\t\t\t\t\t\t<p>Der Kunde hat sicherzustellen, dass:<\/p><ul><li style=\"list-style-type: none;\"><ul><li>freier Zugang zu allen relevanten Anlagen besteht<\/li><li>die Anlagen betriebsbereit sind<\/li><li>alle erforderlichen Informationen und Unterlagen bereitgestellt werden<\/li><li>auf besondere Gefahren (z. B. Defekte, Brandgefahr) hingewiesen wird<\/li><\/ul><\/li><li>Dem Kunden bleibt der Nachweis vorbehalten, dass kein oder ein geringerer Schaden entstanden ist.<\/li><\/ul>\t\t\t\t\t\t\t\t<\/div>\n\t\t\t\t\t<\/div>\n\t\t\t\t<\/div>\n\t\t<div class=\"elementor-element elementor-element-94643da e-flex e-con-boxed e-con e-parent\" data-id=\"94643da\" data-element_type=\"container\" data-e-type=\"container\">\n\t\t\t\t\t<div class=\"e-con-inner\">\n\t\t\t\t<div class=\"elementor-element elementor-element-d89a848 elementor-widget elementor-widget-heading\" data-id=\"d89a848\" data-element_type=\"widget\" data-e-type=\"widget\" data-widget_type=\"heading.default\">\n\t\t\t\t\t<h3 class=\"elementor-heading-title elementor-size-default\">7. Haftung<\/h3>\t\t\t\t<\/div>\n\t\t\t\t<div class=\"elementor-element elementor-element-d0ad530 elementor-widget elementor-widget-text-editor\" data-id=\"d0ad530\" data-element_type=\"widget\" data-e-type=\"widget\" data-widget_type=\"text-editor.default\">\n\t\t\t\t\t\t\t\t\t<ul><li>Der Betrieb haftet unbeschr\u00e4nkt f\u00fcr Sch\u00e4den aus Vorsatz und grober Fahrl\u00e4ssigkeit.<\/li><li>Bei leichter Fahrl\u00e4ssigkeit haftet der Betrieb nur bei Verletzung wesentlicher Vertragspflichten (Kardinalpflichten).<\/li><li>In diesem Fall ist die Haftung auf den vertragstypischen, vorhersehbaren Schaden begrenzt.<\/li><li>Die Haftung f\u00fcr Sch\u00e4den aus der Verletzung von Leben, K\u00f6rper oder Gesundheit bleibt unber\u00fchrt.<\/li><li>F\u00fcr Sch\u00e4den, die auf mangelhafte oder nicht ordnungsgem\u00e4\u00df gewartete Anlagen zur\u00fcckzuf\u00fchren sind, haftet der Kunde.<\/li><\/ul>\t\t\t\t\t\t\t\t<\/div>\n\t\t\t\t\t<\/div>\n\t\t\t\t<\/div>\n\t\t<div class=\"elementor-element elementor-element-598d9ff e-flex e-con-boxed e-con e-parent\" data-id=\"598d9ff\" data-element_type=\"container\" data-e-type=\"container\">\n\t\t\t\t\t<div class=\"e-con-inner\">\n\t\t\t\t<div class=\"elementor-element elementor-element-7ec4879 elementor-widget elementor-widget-heading\" data-id=\"7ec4879\" data-element_type=\"widget\" data-e-type=\"widget\" data-widget_type=\"heading.default\">\n\t\t\t\t\t<h3 class=\"elementor-heading-title elementor-size-default\">8. Gew\u00e4hrleistung<\/h3>\t\t\t\t<\/div>\n\t\t\t\t<div class=\"elementor-element elementor-element-72379b6 elementor-widget elementor-widget-text-editor\" data-id=\"72379b6\" data-element_type=\"widget\" data-e-type=\"widget\" data-widget_type=\"text-editor.default\">\n\t\t\t\t\t\t\t\t\t<ul><li>Es gelten die gesetzlichen Gew\u00e4hrleistungsrechte.<\/li><li>Offensichtliche M\u00e4ngel sind unverz\u00fcglich nach Leistungserbringung anzuzeigen.<\/li><li>Der Betrieb hat das Recht zur Nachbesserung.<\/li><\/ul>\t\t\t\t\t\t\t\t<\/div>\n\t\t\t\t\t<\/div>\n\t\t\t\t<\/div>\n\t\t<div class=\"elementor-element elementor-element-20a9b4c e-flex e-con-boxed e-con e-parent\" data-id=\"20a9b4c\" data-element_type=\"container\" data-e-type=\"container\">\n\t\t\t\t\t<div class=\"e-con-inner\">\n\t\t\t\t<div class=\"elementor-element elementor-element-a847c00 elementor-widget elementor-widget-heading\" data-id=\"a847c00\" data-element_type=\"widget\" data-e-type=\"widget\" data-widget_type=\"heading.default\">\n\t\t\t\t\t<h3 class=\"elementor-heading-title elementor-size-default\">9. Eigentumsvorbehalt<\/h3>\t\t\t\t<\/div>\n\t\t\t\t<div class=\"elementor-element elementor-element-e1e0a7a elementor-widget elementor-widget-text-editor\" data-id=\"e1e0a7a\" data-element_type=\"widget\" data-e-type=\"widget\" data-widget_type=\"text-editor.default\">\n\t\t\t\t\t\t\t\t\t<p>Gelieferte Waren bleiben bis zur vollst\u00e4ndigen Bezahlung Eigentum von<br \/><strong>Schornsteinfegermeister &amp; Geb\u00e4udeenergieberater (HWK) Sven Br\u00fchl<\/strong>.<\/p>\t\t\t\t\t\t\t\t<\/div>\n\t\t\t\t\t<\/div>\n\t\t\t\t<\/div>\n\t\t<div class=\"elementor-element elementor-element-22689e7 e-flex e-con-boxed e-con e-parent\" data-id=\"22689e7\" data-element_type=\"container\" data-e-type=\"container\">\n\t\t\t\t\t<div class=\"e-con-inner\">\n\t\t\t\t<div class=\"elementor-element elementor-element-e5896f1 elementor-widget elementor-widget-heading\" data-id=\"e5896f1\" data-element_type=\"widget\" data-e-type=\"widget\" data-widget_type=\"heading.default\">\n\t\t\t\t\t<h3 class=\"elementor-heading-title elementor-size-default\">10. Widerrufsrecht (Verbraucher)<\/h3>\t\t\t\t<\/div>\n\t\t\t\t<div class=\"elementor-element elementor-element-672c981 elementor-widget elementor-widget-text-editor\" data-id=\"672c981\" data-element_type=\"widget\" data-e-type=\"widget\" data-widget_type=\"text-editor.default\">\n\t\t\t\t\t\t\t\t\t<p>Verbrauchern steht bei au\u00dferhalb von Gesch\u00e4ftsr\u00e4umen geschlossenen Vertr\u00e4gen oder Fernabsatzvertr\u00e4gen ein Widerrufsrecht gem\u00e4\u00df B\u00fcrgerliches Gesetzbuch (BGB) zu.<\/p><p>Eine gesonderte Widerrufsbelehrung wird dem Kunden bei Vertragsschluss zur Verf\u00fcgung gestellt.<\/p>\t\t\t\t\t\t\t\t<\/div>\n\t\t\t\t\t<\/div>\n\t\t\t\t<\/div>\n\t\t<div class=\"elementor-element elementor-element-b6db4b0 e-flex e-con-boxed e-con e-parent\" data-id=\"b6db4b0\" data-element_type=\"container\" data-e-type=\"container\">\n\t\t\t\t\t<div class=\"e-con-inner\">\n\t\t\t\t<div class=\"elementor-element elementor-element-2a19949 elementor-widget elementor-widget-heading\" data-id=\"2a19949\" data-element_type=\"widget\" data-e-type=\"widget\" data-widget_type=\"heading.default\">\n\t\t\t\t\t<h3 class=\"elementor-heading-title elementor-size-default\">11. Datenschutz<\/h3>\t\t\t\t<\/div>\n\t\t\t\t<div class=\"elementor-element elementor-element-f6be2f1 elementor-widget elementor-widget-text-editor\" data-id=\"f6be2f1\" data-element_type=\"widget\" data-e-type=\"widget\" data-widget_type=\"text-editor.default\">\n\t\t\t\t\t\t\t\t\t<p>Personenbezogene Daten werden ausschlie\u00dflich im Rahmen der gesetzlichen Vorschriften verarbeitet, insbesondere gem\u00e4\u00df der Datenschutz-Grundverordnung (DSGVO).<\/p>\t\t\t\t\t\t\t\t<\/div>\n\t\t\t\t\t<\/div>\n\t\t\t\t<\/div>\n\t\t<div class=\"elementor-element elementor-element-59775cc e-flex e-con-boxed e-con e-parent\" data-id=\"59775cc\" data-element_type=\"container\" data-e-type=\"container\">\n\t\t\t\t\t<div class=\"e-con-inner\">\n\t\t\t\t<div class=\"elementor-element elementor-element-d684d28 elementor-widget elementor-widget-heading\" data-id=\"d684d28\" data-element_type=\"widget\" data-e-type=\"widget\" data-widget_type=\"heading.default\">\n\t\t\t\t\t<h3 class=\"elementor-heading-title elementor-size-default\">12. Gerichtsstand und anwendbares Recht<\/h3>\t\t\t\t<\/div>\n\t\t\t\t<div class=\"elementor-element elementor-element-f339ed1 elementor-widget elementor-widget-text-editor\" data-id=\"f339ed1\" data-element_type=\"widget\" data-e-type=\"widget\" data-widget_type=\"text-editor.default\">\n\t\t\t\t\t\t\t\t\t<ul><li>Es gilt das Recht der Bundesrepublik Deutschland.<\/li><li>Gerichtsstand ist \u2013 soweit gesetzlich zul\u00e4ssig \u2013 der Sitz des Unternehmens.<\/li><\/ul>\t\t\t\t\t\t\t\t<\/div>\n\t\t\t\t\t<\/div>\n\t\t\t\t<\/div>\n\t\t<div class=\"elementor-element elementor-element-9e2b9fc e-flex e-con-boxed e-con e-parent\" data-id=\"9e2b9fc\" data-element_type=\"container\" data-e-type=\"container\">\n\t\t\t\t\t<div class=\"e-con-inner\">\n\t\t\t\t<div class=\"elementor-element elementor-element-e742238 elementor-widget elementor-widget-heading\" data-id=\"e742238\" data-element_type=\"widget\" data-e-type=\"widget\" data-widget_type=\"heading.default\">\n\t\t\t\t\t<h3 class=\"elementor-heading-title elementor-size-default\">13. Schlussbestimmungen<\/h3>\t\t\t\t<\/div>\n\t\t\t\t<div class=\"elementor-element elementor-element-41df9ff elementor-widget elementor-widget-text-editor\" data-id=\"41df9ff\" data-element_type=\"widget\" data-e-type=\"widget\" data-widget_type=\"text-editor.default\">\n\t\t\t\t\t\t\t\t\t<p>Sollte eine Bestimmung dieser AGB ganz oder teilweise unwirksam sein oder werden, bleibt die Wirksamkeit der \u00fcbrigen Bestimmungen unber\u00fchrt.<\/p>\t\t\t\t\t\t\t\t<\/div>\n\t\t\t\t\t<\/div>\n\t\t\t\t<\/div>\n\t\t\t\t<\/div>\n\t\t","protected":false},"excerpt":{"rendered":"<p>1. Geltungsbereich Diese Allgemeinen Gesch\u00e4ftsbedingungen gelten f\u00fcr alle Vertr\u00e4ge zwischenSchornsteinfegermeister &amp; Geb\u00e4udeenergieberater (HWK) Sven Br\u00fchl und seinen Kunden \u00fcber privatwirtschaftliche Leistungen. Hoheitliche T\u00e4tigkeiten bleiben hiervon unber\u00fchrt und richten sich nach den gesetzlichen Vorschriften 2. Leistungen Der Betrieb erbringt insbesondere folgende Leistungen: Reinigung und\/oder \u00dcberpr\u00fcfung von Schornsteinen und Abgasanlagen (nach K\u00dcO) \u00dcberpr\u00fcfung und Reinigung von Feuerst\u00e4tten [&hellip;]<\/p>\n","protected":false},"author":1,"featured_media":0,"parent":0,"menu_order":0,"comment_status":"closed","ping_status":"closed","template":"","meta":{"footnotes":""},"class_list":["post-36","page","type-page","status-publish","hentry","wpbf-post"],"_links":{"self":[{"href":"https:\/\/sb-schornsteinfeger.de\/index.php?rest_route=\/wp\/v2\/pages\/36","targetHints":{"allow":["GET"]}}],"collection":[{"href":"https:\/\/sb-schornsteinfeger.de\/index.php?rest_route=\/wp\/v2\/pages"}],"about":[{"href":"https:\/\/sb-schornsteinfeger.de\/index.php?rest_route=\/wp\/v2\/types\/page"}],"author":[{"embeddable":true,"href":"https:\/\/sb-schornsteinfeger.de\/index.php?rest_route=\/wp\/v2\/users\/1"}],"replies":[{"embeddable":true,"href":"https:\/\/sb-schornsteinfeger.de\/index.php?rest_route=%2Fwp%2Fv2%2Fcomments&post=36"}],"version-history":[{"count":5,"href":"https:\/\/sb-schornsteinfeger.de\/index.php?rest_route=\/wp\/v2\/pages\/36\/revisions"}],"predecessor-version":[{"id":65,"href":"https:\/\/sb-schornsteinfeger.de\/index.php?rest_route=\/wp\/v2\/pages\/36\/revisions\/65"}],"wp:attachment":[{"href":"https:\/\/sb-schornsteinfeger.de\/index.php?rest_route=%2Fwp%2Fv2%2Fmedia&parent=36"}],"curies":[{"name":"wp","href":"https:\/\/api.w.org\/{rel}","templated":true}]}}